{"id":48057,"date":"2026-02-19T09:20:10","date_gmt":"2026-02-19T08:20:10","guid":{"rendered":"https:\/\/abacusgroup.io\/privacy-policy-per-candidati\/"},"modified":"2026-02-19T10:00:54","modified_gmt":"2026-02-19T09:00:54","slug":"privacy-policy-per-candidati","status":"publish","type":"page","link":"https:\/\/abacusgroup.io\/it\/privacy-policy-per-candidati\/","title":{"rendered":"Privacy Policy per candidati"},"content":{"rendered":"\r\n\r\n\r\n<div class=\"section section-message boxed\" style=\"background-image: url(https:\/\/abacusgroup.io\/wp-content\/uploads\/2025\/03\/bg-section-message.webp)\" blockID=\"block_646059cbc604e8d7749a97c344fc88f8\">\r\n  <div class=\"container\">\r\n    <div class=\"row\">\r\n      <div class=\"col-12\">\r\n        <div class=\"section-title\">\r\n                      <div class=\"pre-title\">\r\n              Informativa sulla privacy            <\/div>\r\n          \r\n                      <h1>Privacy Policy per candidati<\/h1>\r\n<h3>INFORMATIVA SULLA PROTEZIONE DEI DATI PERSONALI CANDIDATI<\/h3>                  <\/div>\r\n\r\n                  <div class=\"text\">\r\n            <p>La Societ\u00e0 <strong>Abacus Service S.r.l.<\/strong> (di seguito anche <strong>\u201cAbacus Service\u201d<\/strong> o <strong>\u201cSociet\u00e0\u201d<\/strong>) \u00e8 il Titolare del Trattamento e tratta i dati personali dei propri <strong>Candidati<\/strong> (di seguito anche <strong>\u201cInteressati al Trattamento\u201d o \u201cInteressati\u201d<\/strong>), nel rispetto dei diritti dell\u2019Interessato, in maniera lecita, trasparente e secondo correttezza, ai sensi di quanto previsto dal Reg. 2016\/679\/UE (\u201cGDPR\u201d).<\/p>\n<p>&nbsp;<\/p>\n<h3>1. Base giuridica (art. 6 GDPR), Finalit\u00e0 e Natura del trattamento<br \/>(perch\u00e9 trattiamo i tuoi dati)<\/h3>\n<p>L\u2019Interessato \u00e8 informato che la Societ\u00e0 tratter\u00e0 i suoi dati personali per le seguenti finalit\u00e0:<\/p>\n<ol>\n<li><span style=\"text-decoration: underline;\">Adempimenti precontrattuali<\/span> (selezione del personale) strumentali alla instaurazione del rapporto lavorativo (pubblicazione avviso, colloqui di selezione, acquisizione CV anche tramite piattaforme informatiche e social network come Linkedin, etc.);<\/li>\n<li><span style=\"text-decoration: underline;\">Adempimento agli obblighi di legge<\/span> (in tema di diritto del lavoro e della sicurezza sociale e protezione sociale) o previsti da un regolamento o dalla normativa europea.\n<ul>\n<li><strong>Base giuridica:<\/strong> il conferimento dei dati per le finalit\u00e0 di cui ai punti <strong>(1)<\/strong> e <strong>(2)<\/strong> \u00e8 un <strong>requisito per concludere il contratto e un obbligo legale<\/strong> e l\u2019eventuale rifiuto di fornirli comporta l\u2019impossibilit\u00e0 per la Societ\u00e0 di svolgere le attivit\u00e0 richieste per la conclusione e l\u2019esecuzione del contratto, nonch\u00e9 una violazione delle norme di legge che impongono un obbligo al Titolare. <\/li>\n<\/ul>\n<\/li>\n<li><span style=\"text-decoration: underline;\">Garanzia della sua sicurezza<\/span> ed incolumit\u00e0 all\u2019interno dei locali del Titolare (se il colloquio avviene in sede).\n<ul>\n<li><strong>Base giuridica: salvaguardia degli interessi vitali dell\u2019Interessato.<\/strong> l Titolare potr\u00e0 trattare i suoi dati laddove l&#8217;Interessato si trovi nell&#8217;incapacit\u00e0 fisica di prestare il consenso (es. in caso di necessit\u00e0 di un pronto intervento dei sanitari per soccorrere l\u2019Interessato).<\/li>\n<\/ul>\n<\/li>\n<li>Attivit\u00e0 di gestione della segreteria generale della Societ\u00e0 (ricezione e scambio di comunicazioni e corrispondenza tramite e-mail, telefono, fax, etc.).\n<ul>\n<li><strong>Base giuridica: consenso dell\u2019Interessato, facoltativo.<\/strong> l mancato conferimento comporta per\u00f2 l\u2019impossibilit\u00e0 per lo stesso di ricevere comunicazioni a lui indirizzate.<\/li>\n<\/ul>\n<\/li>\n<\/ol>\n<p>&nbsp;<\/p>\n<h3>2. Tipologia di dati trattati<\/h3>\n<p><strong>a)<\/strong> <span style=\"text-decoration: underline;\">dati identificativi e di contatto<\/span> (es. e-mail, c. fiscale, numero di telefono, nome e cognome, luogo e data di nascita, etc.);<br \/>\n<strong>b)<\/strong> <span style=\"text-decoration: underline;\">dati curriculari<\/span> (comprese le immagini personali);<br \/>\n<strong>c)<\/strong> <span style=\"text-decoration: underline;\">dati particolari<\/span> (es. stato di salute, convinzioni politiche o religiose, appartenenza a sindacati, ecc.) non sono richiesti, ma, nel caso in cui siano presenti nel CV o siano spontaneamente comunicati (come ad esempio i dati idonei a rivelare l\u2019appartenenza a categorie protette), la Societ\u00e0 tratta solo i dati rilevanti ai fini della valutazione dell\u2019attitudine professionale, nei limiti in cui l\u2019acquisizione di tali informazioni sia strettamente indispensabile all\u2019instaurazione del rapporto di lavoro.<\/p>\n<p>&nbsp;<\/p>\n<h3>3. Tempo e modalit\u00e0 di trattamento<\/h3>\n<p>I tuoi dati saranno trattati per 12 mesi dopo la mancata assunzione o per 10 anni dopo la cessazione dell\u2019eventuale rapporto lavorativo (si rimanda in tal senso all\u2019Informativa del personale).<br \/>\nL\u2019acquisizione del CV, dunque delle informazioni in esso inserite dal Candidato, potr\u00e0 avvenire anche per mezzo di piattaforme informatiche e social network, come la sezione della pagina Linkedin in cui la Societ\u00e0, tramite il proprio profilo, pubblica offerte di lavoro.<br \/>\nIn ogni caso, tutti i dati saranno trattati con correttezza e trasparenza, attraverso strumenti elettronici ed informatici; saranno inseriti in appositi archivi informatici, o in ogni altro tipo di supporto adeguato, e tenuti sotto costante controllo con procedure operative e misure di protezione adeguate a garantire la sicurezza e la riservatezza dei dati personali, al fine di prevenire la loro perdita, usi illeciti o non corretti ed accessi non autorizzati.<\/p>\n<p>&nbsp;<\/p>\n<h3>4. Comunicazione e diffusione dei dati<\/h3>\n<p>La Societ\u00e0 si impegna a non trasferire ad alcuno i dati personali forniti dall\u2019Interessato. Tuttavia, potranno essere comunicati a eventuali terzi (sia nominati a tal fine come Responsabili esterni del Trattamento, sia in qualit\u00e0 di Titolari autonomi) al solo fine di adempiere ad obblighi di legge, o, ad esempio, su richiesta dell\u2019Autorit\u00e0 giudiziaria, o laddove sia strettamente necessario ai fini dell\u2019instaurazione del rapporto lavorativo (in particolare, prima dell\u2019eventuale assunzione, al Medico competente per la valutazione dell\u2019idoneit\u00e0 alla mansione, etc.). <\/p>\n<p>&nbsp;<\/p>\n<h3>5. Diritti dell\u2019Interessato<\/h3>\n<p>L\u2019Interessato ha tutti i diritti previsti dagli articoli 15 e seguenti del GDPR. In particolare, ha diritto di ottenere l&#8217;accesso, la rettificazione, la cancellazione, la portabilit\u00e0 dei dati, nonch\u00e9 il diritto alla limitazione del loro Trattamento, il diritto di revocare il consenso (senza che ci\u00f2 pregiudichi la liceit\u00e0 del Trattamento precedente), di opporsi al Trattamento stesso e di proporre reclamo ad un\u2019Autorit\u00e0 di controllo. Tali diritti possono essere esercitati dall\u2019Interessato con richiesta rivolta senza formalit\u00e0 al Titolare, alla quale \u00e8 fornito idoneo riscontro senza ritardo ingiustificato e comunque entro 1 mese dalla ricezione della richiesta, prorogabile di ulteriori 2 mesi in caso di richieste complesse o numerose, per posta o per fax ai recapiti in calce, indicando sulla busta o sul foglio la dicitura \u201cInerente alla Privacy\u201d, o inviando un\u2019e-mail all\u2019indirizzo: <span style=\"text-decoration: underline;\">privacy@abacusgroup.io<\/span>   <\/p>\n<p>&nbsp;<\/p>\n<p><strong>Privacy manager di gruppo:<\/strong> Mirko Giolito<br \/>\n<strong>Titolare del Trattamento:<\/strong> Abacus Service S.r.l.<br \/>\n<strong>Sede legale:<\/strong> Assago (MI), Centro Direzionale Milanofiori, Strada 1, Palazzo F1<br \/>\n<strong>P.IVA:<\/strong> 13958250964<br \/>\n<strong>PEC:<\/strong> abacusservice@pec.it<\/p>\n          <\/div>\r\n        \r\n              <\/div>\r\n    <\/div>\r\n  <\/div>\r\n<\/div>\r\n\r\n\r\n","protected":false},"excerpt":{"rendered":"","protected":false},"author":1,"featured_media":0,"parent":0,"menu_order":0,"comment_status":"closed","ping_status":"closed","template":"template-no-header.php","meta":{"_acf_changed":false,"footnotes":""},"class_list":["post-48057","page","type-page","status-publish","hentry"],"acf":[],"yoast_head":"<!-- This site is optimized with the Yoast SEO plugin v27.3 - https:\/\/yoast.com\/product\/yoast-seo-wordpress\/ -->\n<title>Privacy Policy | Abacus Group<\/title>\n<meta name=\"description\" content=\"Di seguito trovi l\u2019informativa per il trattamento dei dati personali. Tutti i dati sono trattati nel rispetto della Privacy policy e del Codice Privacy.\" \/>\n<meta name=\"robots\" content=\"index, follow, max-snippet:-1, max-image-preview:large, max-video-preview:-1\" \/>\n<link rel=\"canonical\" href=\"https:\/\/abacusgroup.io\/it\/privacy-policy-per-candidati\/\" \/>\n<meta property=\"og:locale\" content=\"it_IT\" \/>\n<meta property=\"og:type\" content=\"article\" \/>\n<meta property=\"og:title\" content=\"Privacy Policy | Abacus Group\" \/>\n<meta property=\"og:description\" content=\"Di seguito trovi l\u2019informativa per il trattamento dei dati personali. Tutti i dati sono trattati nel rispetto della Privacy policy e del Codice Privacy.\" \/>\n<meta property=\"og:url\" content=\"https:\/\/abacusgroup.io\/it\/privacy-policy-per-candidati\/\" \/>\n<meta property=\"og:site_name\" content=\"Abacus Group\" \/>\n<meta property=\"article:modified_time\" content=\"2026-02-19T09:00:54+00:00\" \/>\n<meta name=\"twitter:card\" content=\"summary_large_image\" \/>\n<script type=\"application\/ld+json\" class=\"yoast-schema-graph\">{\"@context\":\"https:\\\/\\\/schema.org\",\"@graph\":[{\"@type\":\"WebPage\",\"@id\":\"https:\\\/\\\/abacusgroup.io\\\/it\\\/privacy-policy-per-candidati\\\/\",\"url\":\"https:\\\/\\\/abacusgroup.io\\\/it\\\/privacy-policy-per-candidati\\\/\",\"name\":\"Privacy Policy | Abacus Group\",\"isPartOf\":{\"@id\":\"https:\\\/\\\/abacusgroup.io\\\/it\\\/#website\"},\"datePublished\":\"2026-02-19T08:20:10+00:00\",\"dateModified\":\"2026-02-19T09:00:54+00:00\",\"description\":\"Di seguito trovi l\u2019informativa per il trattamento dei dati personali. Tutti i dati sono trattati nel rispetto della Privacy policy e del Codice Privacy.\",\"breadcrumb\":{\"@id\":\"https:\\\/\\\/abacusgroup.io\\\/it\\\/privacy-policy-per-candidati\\\/#breadcrumb\"},\"inLanguage\":\"it-IT\",\"potentialAction\":[{\"@type\":\"ReadAction\",\"target\":[\"https:\\\/\\\/abacusgroup.io\\\/it\\\/privacy-policy-per-candidati\\\/\"]}]},{\"@type\":\"BreadcrumbList\",\"@id\":\"https:\\\/\\\/abacusgroup.io\\\/it\\\/privacy-policy-per-candidati\\\/#breadcrumb\",\"itemListElement\":[{\"@type\":\"ListItem\",\"position\":1,\"name\":\"Home\",\"item\":\"https:\\\/\\\/abacusgroup.io\\\/it\\\/\"},{\"@type\":\"ListItem\",\"position\":2,\"name\":\"Privacy Policy per candidati\"}]},{\"@type\":\"WebSite\",\"@id\":\"https:\\\/\\\/abacusgroup.io\\\/it\\\/#website\",\"url\":\"https:\\\/\\\/abacusgroup.io\\\/it\\\/\",\"name\":\"Abacus Group\",\"description\":\"\",\"potentialAction\":[{\"@type\":\"SearchAction\",\"target\":{\"@type\":\"EntryPoint\",\"urlTemplate\":\"https:\\\/\\\/abacusgroup.io\\\/it\\\/?s={search_term_string}\"},\"query-input\":{\"@type\":\"PropertyValueSpecification\",\"valueRequired\":true,\"valueName\":\"search_term_string\"}}],\"inLanguage\":\"it-IT\"}]}<\/script>\n<!-- \/ Yoast SEO plugin. -->","yoast_head_json":{"title":"Privacy Policy | Abacus Group","description":"Di seguito trovi l\u2019informativa per il trattamento dei dati personali. Tutti i dati sono trattati nel rispetto della Privacy policy e del Codice Privacy.","robots":{"index":"index","follow":"follow","max-snippet":"max-snippet:-1","max-image-preview":"max-image-preview:large","max-video-preview":"max-video-preview:-1"},"canonical":"https:\/\/abacusgroup.io\/it\/privacy-policy-per-candidati\/","og_locale":"it_IT","og_type":"article","og_title":"Privacy Policy | Abacus Group","og_description":"Di seguito trovi l\u2019informativa per il trattamento dei dati personali. Tutti i dati sono trattati nel rispetto della Privacy policy e del Codice Privacy.","og_url":"https:\/\/abacusgroup.io\/it\/privacy-policy-per-candidati\/","og_site_name":"Abacus Group","article_modified_time":"2026-02-19T09:00:54+00:00","twitter_card":"summary_large_image","schema":{"@context":"https:\/\/schema.org","@graph":[{"@type":"WebPage","@id":"https:\/\/abacusgroup.io\/it\/privacy-policy-per-candidati\/","url":"https:\/\/abacusgroup.io\/it\/privacy-policy-per-candidati\/","name":"Privacy Policy | Abacus Group","isPartOf":{"@id":"https:\/\/abacusgroup.io\/it\/#website"},"datePublished":"2026-02-19T08:20:10+00:00","dateModified":"2026-02-19T09:00:54+00:00","description":"Di seguito trovi l\u2019informativa per il trattamento dei dati personali. Tutti i dati sono trattati nel rispetto della Privacy policy e del Codice Privacy.","breadcrumb":{"@id":"https:\/\/abacusgroup.io\/it\/privacy-policy-per-candidati\/#breadcrumb"},"inLanguage":"it-IT","potentialAction":[{"@type":"ReadAction","target":["https:\/\/abacusgroup.io\/it\/privacy-policy-per-candidati\/"]}]},{"@type":"BreadcrumbList","@id":"https:\/\/abacusgroup.io\/it\/privacy-policy-per-candidati\/#breadcrumb","itemListElement":[{"@type":"ListItem","position":1,"name":"Home","item":"https:\/\/abacusgroup.io\/it\/"},{"@type":"ListItem","position":2,"name":"Privacy Policy per candidati"}]},{"@type":"WebSite","@id":"https:\/\/abacusgroup.io\/it\/#website","url":"https:\/\/abacusgroup.io\/it\/","name":"Abacus Group","description":"","potentialAction":[{"@type":"SearchAction","target":{"@type":"EntryPoint","urlTemplate":"https:\/\/abacusgroup.io\/it\/?s={search_term_string}"},"query-input":{"@type":"PropertyValueSpecification","valueRequired":true,"valueName":"search_term_string"}}],"inLanguage":"it-IT"}]}},"_links":{"self":[{"href":"https:\/\/abacusgroup.io\/it\/wp-json\/wp\/v2\/pages\/48057","targetHints":{"allow":["GET"]}}],"collection":[{"href":"https:\/\/abacusgroup.io\/it\/wp-json\/wp\/v2\/pages"}],"about":[{"href":"https:\/\/abacusgroup.io\/it\/wp-json\/wp\/v2\/types\/page"}],"author":[{"embeddable":true,"href":"https:\/\/abacusgroup.io\/it\/wp-json\/wp\/v2\/users\/1"}],"replies":[{"embeddable":true,"href":"https:\/\/abacusgroup.io\/it\/wp-json\/wp\/v2\/comments?post=48057"}],"version-history":[{"count":2,"href":"https:\/\/abacusgroup.io\/it\/wp-json\/wp\/v2\/pages\/48057\/revisions"}],"predecessor-version":[{"id":48061,"href":"https:\/\/abacusgroup.io\/it\/wp-json\/wp\/v2\/pages\/48057\/revisions\/48061"}],"wp:attachment":[{"href":"https:\/\/abacusgroup.io\/it\/wp-json\/wp\/v2\/media?parent=48057"}],"curies":[{"name":"wp","href":"https:\/\/api.w.org\/{rel}","templated":true}]}}